{"id":12,"date":"2025-01-13T01:07:25","date_gmt":"2025-01-13T00:07:25","guid":{"rendered":"http:\/\/test.praxis-tronsdal.de\/?page_id=12"},"modified":"2026-04-29T23:14:03","modified_gmt":"2026-04-29T21:14:03","slug":"kontakt","status":"publish","type":"page","link":"https:\/\/praxis-tronsdal.de\/","title":{"rendered":""},"content":{"rendered":"\n<div class=\"wp-block-image\"><figure class=\"aligncenter size-large\"><img loading=\"lazy\" decoding=\"async\" width=\"1024\" height=\"179\" src=\"https:\/\/praxis-tronsdal.de\/wp-content\/uploads\/2019\/08\/Tr\u00f8nsdal-Logo_neu-1024x179.jpg\" alt=\"\" class=\"wp-image-6\" srcset=\"https:\/\/praxis-tronsdal.de\/wp-content\/uploads\/2019\/08\/Tr\u00f8nsdal-Logo_neu-1024x179.jpg 1024w, https:\/\/praxis-tronsdal.de\/wp-content\/uploads\/2019\/08\/Tr\u00f8nsdal-Logo_neu-300x53.jpg 300w, https:\/\/praxis-tronsdal.de\/wp-content\/uploads\/2019\/08\/Tr\u00f8nsdal-Logo_neu-768x135.jpg 768w\" sizes=\"auto, (max-width: 1024px) 100vw, 1024px\" \/><\/figure><\/div>\n\n\n\n<p class=\"has-text-align-center\">Herzlich willkommen in<br>Ihrer Hausarztpraxis in Potsdam West!<\/p>\n\n\n\n<p class=\"has-text-align-center\"><strong>Am Donnerstag, den 30. April schlie\u00dft die Annahme f\u00fcr die Akutsprechstunde um 15:30 Uhr<\/strong><\/p>\n\n\n\n<div class=\"wp-block-group\"><div class=\"wp-block-group__inner-container is-layout-constrained wp-block-group-is-layout-constrained\">\n<p class=\"has-text-align-center\">Unsere \u00d8ffnungszeiten:<br>Montag 8-12 Uhr und 14-16 Uhr<br>Dienstag 8-12 Uhr und 14-18 Uhr<br>Mittwoch 8-12 Uhr<br>Donnerstag 8-12 Uhr und 14-18 Uhr<br>Freitag 8-12 Uhr<\/p>\n<\/div><\/div>\n\n\n\n<p class=\"has-text-align-center\">Au\u00dferhalb unseren Akutsprechstunden wenden Sie sich bei akuten Beschwerden bitte an die Bereitschaftspraxen der Kassen\u00e4rztlichen Vereinigung unter der Telefonnummer 116 117 .<\/p>\n\n\n\n<p style=\"text-align:center\"><a href=\"https:\/\/praxis-tronsdal.de\/?p=1016\" class=\"su-button su-button-style-ghost\" style=\"color:#3292ab;background-color:#e9ecef;border-color:#bbbdc0;border-radius:7px\" target=\"_self\"><span style=\"color:#3292ab;padding:7px 20px;font-size:16px;line-height:24px;border-color:#f0f2f4;border-radius:7px;text-shadow:none\"><i class=\"sui sui-clock-o\" style=\"font-size:16px;color:#3292ab\"><\/i> <b>Akutsprechstunden<\/b><\/span><\/a>\n\n\n<p style=\"text-align:center\">F\u00fcr unsere Akutsprechstunde brauchen Sie als Stammpatient*in keine Voranmeldung <\/p>\n\n\n<p style=\"text-align: center\"><a href=\"https:\/\/praxis-tronsdal.de\/?p=1810\" class=\"su-button su-button-style-ghost\" style=\"color:#3292ab;background-color:#e9ecef;border-color:#bbbdc0;border-radius:7px\" target=\"_self\"><span style=\"color:#3292ab;padding:7px 20px;font-size:16px;line-height:24px;border-color:#f0f2f4;border-radius:7px;text-shadow:none\"><i class=\"sui sui-clock-o\" style=\"font-size:16px;color:#3292ab\"><\/i> <b>Arzttermin buchen<\/b> <\/span><\/a>\n<p style=\"text-align: center\"><a href=\"https:\/\/praxis-tronsdal.de\/?cat=23\">Unsere \u00c4rzte<\/a><\/p>\n\n\n\n<p style=\"text-align:center\"><a href=\"https:\/\/praxis-tronsdal.de\/?p=1705\" class=\"su-button su-button-style-ghost\" style=\"color:#3292ab;background-color:#e9ecef;border-color:#bbbdc0;border-radius:7px\" target=\"_self\"><span style=\"color:#3292ab;padding:7px 20px;font-size:16px;line-height:24px;border-color:#f0f2f4;border-radius:7px;text-shadow:none\"><i class=\"sui sui-clock-o\" style=\"font-size:16px;color:#3292ab\"><\/i> <b>Labortermin buchen<\/b><\/span><\/a>\n\n\n\n<p style=\"text-align:center\"><a href=\"https:\/\/praxis-tronsdal.de\/?p=947\" class=\"su-button su-button-style-ghost\" style=\"color:#3292ab;background-color:#e9ecef;border-color:#bbbdc0;border-radius:7px\" target=\"_blank\" rel=\"noopener noreferrer\"><span style=\"color:#3292ab;padding:7px 20px;font-size:16px;line-height:24px;border-color:#f0f2f4;border-radius:7px;text-shadow:none\"><i class=\"sui sui-clock-o\" style=\"font-size:16px;color:#3292ab\"><\/i> <b>Hautkrebsscreening buchen<\/b><\/span><\/a>\n\n\n<div class=\"su-image-carousel  su-image-carousel-has-spacing su-image-carousel-crop su-image-carousel-crop-4-3 su-image-carousel-has-outline su-image-carousel-adaptive su-image-carousel-slides-style-default su-image-carousel-controls-style-dark su-image-carousel-align-none\" style=\"\" data-flickity-options='{\"groupCells\":true,\"cellSelector\":\".su-image-carousel-item\",\"adaptiveHeight\":false,\"cellAlign\":\"left\",\"prevNextButtons\":true,\"pageDots\":true,\"autoPlay\":5000,\"imagesLoaded\":true,\"contain\":true,\"selectedAttraction\":0.025000000000000001387778780781445675529539585113525390625,\"friction\":0.2800000000000000266453525910037569701671600341796875}' id=\"su_image_carousel_69f72830b41ca\"><div class=\"su-image-carousel-item\"><div class=\"su-image-carousel-item-content\"><img loading=\"lazy\" decoding=\"async\" width=\"1024\" height=\"683\" src=\"https:\/\/praxis-tronsdal.de\/wp-content\/uploads\/2025\/03\/Austausch-1024x683.jpg\" class=\"\" alt=\"\" srcset=\"https:\/\/praxis-tronsdal.de\/wp-content\/uploads\/2025\/03\/Austausch-1024x683.jpg 1024w, https:\/\/praxis-tronsdal.de\/wp-content\/uploads\/2025\/03\/Austausch-300x200.jpg 300w, https:\/\/praxis-tronsdal.de\/wp-content\/uploads\/2025\/03\/Austausch-768x512.jpg 768w, https:\/\/praxis-tronsdal.de\/wp-content\/uploads\/2025\/03\/Austausch-1536x1024.jpg 1536w, https:\/\/praxis-tronsdal.de\/wp-content\/uploads\/2025\/03\/Austausch-2048x1365.jpg 2048w\" sizes=\"auto, (max-width: 1024px) 100vw, 1024px\" \/><\/div><\/div><div class=\"su-image-carousel-item\"><div class=\"su-image-carousel-item-content\"><img loading=\"lazy\" decoding=\"async\" width=\"1024\" height=\"683\" src=\"https:\/\/praxis-tronsdal.de\/wp-content\/uploads\/2025\/03\/GESU-1024x683.jpg\" class=\"\" alt=\"\" srcset=\"https:\/\/praxis-tronsdal.de\/wp-content\/uploads\/2025\/03\/GESU-1024x683.jpg 1024w, https:\/\/praxis-tronsdal.de\/wp-content\/uploads\/2025\/03\/GESU-300x200.jpg 300w, https:\/\/praxis-tronsdal.de\/wp-content\/uploads\/2025\/03\/GESU-768x512.jpg 768w, https:\/\/praxis-tronsdal.de\/wp-content\/uploads\/2025\/03\/GESU-1536x1024.jpg 1536w, https:\/\/praxis-tronsdal.de\/wp-content\/uploads\/2025\/03\/GESU-2048x1365.jpg 2048w\" sizes=\"auto, (max-width: 1024px) 100vw, 1024px\" \/><\/div><\/div><div class=\"su-image-carousel-item\"><div class=\"su-image-carousel-item-content\"><img loading=\"lazy\" decoding=\"async\" width=\"1024\" height=\"683\" src=\"https:\/\/praxis-tronsdal.de\/wp-content\/uploads\/2025\/03\/Ultraschall-1024x683.jpg\" class=\"\" alt=\"\" srcset=\"https:\/\/praxis-tronsdal.de\/wp-content\/uploads\/2025\/03\/Ultraschall-1024x683.jpg 1024w, https:\/\/praxis-tronsdal.de\/wp-content\/uploads\/2025\/03\/Ultraschall-300x200.jpg 300w, https:\/\/praxis-tronsdal.de\/wp-content\/uploads\/2025\/03\/Ultraschall-768x512.jpg 768w, https:\/\/praxis-tronsdal.de\/wp-content\/uploads\/2025\/03\/Ultraschall-1536x1024.jpg 1536w, https:\/\/praxis-tronsdal.de\/wp-content\/uploads\/2025\/03\/Ultraschall-2048x1365.jpg 2048w\" sizes=\"auto, (max-width: 1024px) 100vw, 1024px\" \/><\/div><\/div><div class=\"su-image-carousel-item\"><div class=\"su-image-carousel-item-content\"><img loading=\"lazy\" decoding=\"async\" width=\"1024\" height=\"683\" src=\"https:\/\/praxis-tronsdal.de\/wp-content\/uploads\/2025\/03\/Wartezimmer-1024x683.jpg\" class=\"\" alt=\"\" srcset=\"https:\/\/praxis-tronsdal.de\/wp-content\/uploads\/2025\/03\/Wartezimmer-1024x683.jpg 1024w, https:\/\/praxis-tronsdal.de\/wp-content\/uploads\/2025\/03\/Wartezimmer-300x200.jpg 300w, https:\/\/praxis-tronsdal.de\/wp-content\/uploads\/2025\/03\/Wartezimmer-768x512.jpg 768w, https:\/\/praxis-tronsdal.de\/wp-content\/uploads\/2025\/03\/Wartezimmer-1536x1024.jpg 1536w, https:\/\/praxis-tronsdal.de\/wp-content\/uploads\/2025\/03\/Wartezimmer-2048x1365.jpg 2048w\" sizes=\"auto, (max-width: 1024px) 100vw, 1024px\" \/><\/div><\/div><div class=\"su-image-carousel-item\"><div class=\"su-image-carousel-item-content\"><img loading=\"lazy\" decoding=\"async\" width=\"1024\" height=\"683\" src=\"https:\/\/praxis-tronsdal.de\/wp-content\/uploads\/2025\/03\/Gramowski_Tronsdal_2025-1024x683.jpg\" class=\"\" alt=\"\" srcset=\"https:\/\/praxis-tronsdal.de\/wp-content\/uploads\/2025\/03\/Gramowski_Tronsdal_2025-1024x683.jpg 1024w, https:\/\/praxis-tronsdal.de\/wp-content\/uploads\/2025\/03\/Gramowski_Tronsdal_2025-300x200.jpg 300w, https:\/\/praxis-tronsdal.de\/wp-content\/uploads\/2025\/03\/Gramowski_Tronsdal_2025-768x512.jpg 768w, https:\/\/praxis-tronsdal.de\/wp-content\/uploads\/2025\/03\/Gramowski_Tronsdal_2025-1536x1024.jpg 1536w, https:\/\/praxis-tronsdal.de\/wp-content\/uploads\/2025\/03\/Gramowski_Tronsdal_2025-2048x1365.jpg 2048w\" sizes=\"auto, (max-width: 1024px) 100vw, 1024px\" \/><\/div><\/div><\/div><script id=\"su_image_carousel_69f72830b41ca_script\">if(window.SUImageCarousel){setTimeout(function() {window.SUImageCarousel.initGallery(document.getElementById(\"su_image_carousel_69f72830b41ca\"))}, 0);}var su_image_carousel_69f72830b41ca_script=document.getElementById(\"su_image_carousel_69f72830b41ca_script\");if(su_image_carousel_69f72830b41ca_script){su_image_carousel_69f72830b41ca_script.parentNode.removeChild(su_image_carousel_69f72830b41ca_script);}<\/script>\n\n\n\n<p class=\"has-text-align-center\"><a href=\"https:\/\/praxis-tronsdal.de\/?p=1948\">Impressionen aus der Praxis<\/a><\/p>\n\n\n\n<p class=\"has-text-align-center\">Sie finden uns im \u00c4rztehaus in der Geschwister-Scholl-Stra\u00dfe 83 im Hinterhaus 1.OG links. <\/p>\n\n\n<div id=\"wpgmza_map\" class=\"wpgmza_map\" data-settings='{\"id\":\"1\",\"map_title\":\"Praxis\",\"map_width\":\"100\",\"map_height\":\"400\",\"map_start_lat\":\"52.393301\",\"map_start_lng\":\"13.035157\",\"map_start_location\":\"52.3933015,13.035157199999958\",\"map_start_zoom\":\"18\",\"default_marker\":\"0\",\"type\":\"1\",\"alignment\":\"1\",\"directions_enabled\":\"1\",\"styling_enabled\":\"0\",\"styling_json\":\"\",\"active\":\"0\",\"kml\":\"\",\"bicycle\":\"0\",\"traffic\":\"0\",\"dbox\":\"1\",\"dbox_width\":\"100\",\"listmarkers\":\"0\",\"listmarkers_advanced\":\"0\",\"filterbycat\":\"0\",\"ugm_enabled\":\"0\",\"ugm_category_enabled\":\"0\",\"fusion\":\"\",\"map_width_type\":\"\\\\%\",\"map_height_type\":\"px\",\"mass_marker_support\":\"1\",\"ugm_access\":\"0\",\"order_markers_by\":\"1\",\"order_markers_choice\":\"2\",\"show_user_location\":\"0\",\"default_to\":\"\",\"other_settings\":{\"store_locator_enabled\":2,\"store_locator_distance\":2,\"store_locator_default_radius\":10,\"store_locator_not_found_message\":\"No results found in this location. Please try again.\",\"store_locator_bounce\":1,\"store_locator_query_string\":\"PLZ \\\/ Adresse:\",\"store_locator_default_address\":\"\",\"wpgmza_store_locator_restrict\":\"\",\"store_locator_style\":\"modern\",\"wpgmza_store_locator_radius_style\":\"modern\",\"map_max_zoom\":\"1\",\"transport_layer\":0,\"wpgmza_theme_data\":\"\",\"wpgmza_show_points_of_interest\":1,\"wpgmza_auto_night\":0}}' data-map-id='1' Data-maps-engine='google-maps' data-shortcode-attributes='{\"id\":\"1\"}' style=\"display:block; overflow:auto; width:100%; height:400px; float:left;\"><\/div>\n\n\n<p><\/p>\n\n\n\n<p><\/p>\n\n\n\n<p><\/p>\n","protected":false},"excerpt":{"rendered":"<p>Herzlich willkommen inIhrer Hausarztpraxis in Potsdam West! Am Donnerstag, den 30. April schlie\u00dft die Annahme f\u00fcr die Akutsprechstunde um 15:30 Uhr Au\u00dferhalb unseren Akutsprechstunden wenden&#8230;<\/p>\n<div class=\"more-link-wrapper\"><a class=\"more-link\" href=\"https:\/\/praxis-tronsdal.de\/\">Weiterlesen<span class=\"screen-reader-text\"><\/span><\/a><\/div>\n","protected":false},"author":1,"featured_media":0,"parent":0,"menu_order":0,"comment_status":"closed","ping_status":"closed","template":"","meta":{"footnotes":""},"class_list":["post-12","page","type-page","status-publish","hentry","entry"],"_links":{"self":[{"href":"https:\/\/praxis-tronsdal.de\/index.php?rest_route=\/wp\/v2\/pages\/12","targetHints":{"allow":["GET"]}}],"collection":[{"href":"https:\/\/praxis-tronsdal.de\/index.php?rest_route=\/wp\/v2\/pages"}],"about":[{"href":"https:\/\/praxis-tronsdal.de\/index.php?rest_route=\/wp\/v2\/types\/page"}],"author":[{"embeddable":true,"href":"https:\/\/praxis-tronsdal.de\/index.php?rest_route=\/wp\/v2\/users\/1"}],"replies":[{"embeddable":true,"href":"https:\/\/praxis-tronsdal.de\/index.php?rest_route=%2Fwp%2Fv2%2Fcomments&post=12"}],"version-history":[{"count":470,"href":"https:\/\/praxis-tronsdal.de\/index.php?rest_route=\/wp\/v2\/pages\/12\/revisions"}],"predecessor-version":[{"id":2166,"href":"https:\/\/praxis-tronsdal.de\/index.php?rest_route=\/wp\/v2\/pages\/12\/revisions\/2166"}],"wp:attachment":[{"href":"https:\/\/praxis-tronsdal.de\/index.php?rest_route=%2Fwp%2Fv2%2Fmedia&parent=12"}],"curies":[{"name":"wp","href":"https:\/\/api.w.org\/{rel}","templated":true}]}}